{"id":2381,"date":"2026-02-25T18:27:30","date_gmt":"2026-02-25T18:27:30","guid":{"rendered":"https:\/\/limantecon.com\/descargo-de-responsabilidad\/"},"modified":"2026-02-25T18:32:55","modified_gmt":"2026-02-25T18:32:55","slug":"clause-de-non-responsabilite","status":"publish","type":"page","link":"https:\/\/limantecon.com\/fr\/descargo-de-responsabilidad\/","title":{"rendered":"Clause de non-responsabilit\u00e9"},"content":{"rendered":"<div data-elementor-type=\"wp-page\" data-elementor-id=\"2381\" class=\"elementor elementor-2381\" data-elementor-post-type=\"page\">\n\t\t\t\t<div class=\"elementor-element elementor-element-780e630d e-flex e-con-boxed e-con e-parent\" data-id=\"780e630d\" data-element_type=\"container\">\n\t\t\t\t\t<div class=\"e-con-inner\">\n\t\t\t\t<div class=\"elementor-element elementor-element-405ab0b elementor-widget elementor-widget-heading\" data-id=\"405ab0b\" data-element_type=\"widget\" data-widget_type=\"heading.default\">\n\t\t\t\t\t<h2 class=\"elementor-heading-title elementor-size-default\">Clause de non-responsabilit\u00e9<\/h2>\t\t\t\t<\/div>\n\t\t\t\t<div class=\"elementor-element elementor-element-52a4e175 elementor-widget elementor-widget-shortcode\" data-id=\"52a4e175\" data-element_type=\"widget\" data-widget_type=\"shortcode.default\">\n\t\t\t\t\t\t\t<div class=\"elementor-shortcode\">\n<!-- Legal document generated by Complianz | GDPR\/CCPA Cookie Consent https:\/\/wordpress.org\/plugins\/complianz-gdpr -->\n<div id=\"cmplz-document\" class=\"cmplz-document disclaimer cmplz-document-all\"><p>LIMANTECON s'engage \u00e0 maintenir ce site Web \u00e0 jour et exact. Si vous deviez n\u00e9anmoins trouver des informations incorrectes ou obsol\u00e8tes, nous vous serions reconnaissants de bien vouloir nous en faire part. Veuillez indiquer o\u00f9 vous avez lu l'information sur le site web. Nous nous pencherons sur la question dans les plus brefs d\u00e9lais. Veuillez envoyer votre r\u00e9ponse par courrier \u00e9lectronique \u00e0 <span class=\"cmplz-obfuscate\">info@<span class=\"cmplz-fmail-domain\">ex.com<\/span>l&#105;ma&#110;&#116;&#101;c&#111;n&#046;&#099;&#111;m<\/span>.<\/p><p>Nous ne sommes pas responsables des pertes r\u00e9sultant d'inexactitudes ou d'incompl\u00e9tudes, ni des pertes r\u00e9sultant de probl\u00e8mes caus\u00e9s par ou inh\u00e9rents \u00e0 la diffusion d'informations par l'internet, tels que des perturbations ou des interruptions. Lors de l'utilisation de formulaires web, nous nous effor\u00e7ons de limiter au minimum le nombre de champs obligatoires. LIMANTECON d\u00e9cline toute responsabilit\u00e9 en cas de perte r\u00e9sultant de l'utilisation de donn\u00e9es, de conseils ou d'id\u00e9es fournis par ou au nom de LIMANTECON via ce site web.<\/p><p>Tous les droits de propri\u00e9t\u00e9 intellectuelle sur le contenu de ce site sont d\u00e9tenus par LIMANTECON.<\/p><p>La copie, la diffusion et toute autre utilisation de ce mat\u00e9riel sont interdites sans l'autorisation \u00e9crite de LIMANTECON, sauf et seulement dans la mesure o\u00f9 des dispositions l\u00e9gales imp\u00e9ratives (telles que le droit de citation) le pr\u00e9voient, \u00e0 moins qu'un contenu sp\u00e9cifique ne s'y oppose.<\/p><p>Si vous avez des questions ou des probl\u00e8mes concernant l'accessibilit\u00e9 du site web, n'h\u00e9sitez pas \u00e0 nous contacter.<\/p><\/div><\/div>\n\t\t\t\t\t\t<\/div>\n\t\t\t\t\t<\/div>\n\t\t\t\t<\/div>\n\t\t\t\t<\/div>","protected":false},"excerpt":{"rendered":"<p>Clause de non-responsabilit\u00e9<\/p>","protected":false},"author":1,"featured_media":0,"parent":0,"menu_order":0,"comment_status":"closed","ping_status":"closed","template":"","meta":{"footnotes":""},"class_list":["post-2381","page","type-page","status-publish","hentry"],"yoast_head":"<!-- This site is optimized with the Yoast SEO Premium plugin v27.1 (Yoast SEO v27.0) - https:\/\/yoast.com\/product\/yoast-seo-premium-wordpress\/ -->\n<title>Descargo de responsabilidad - Limantecon<\/title>\n<meta name=\"robots\" content=\"index, follow, max-snippet:-1, max-image-preview:large, max-video-preview:-1\" \/>\n<link rel=\"canonical\" href=\"https:\/\/limantecon.com\/fr\/clause-de-non-responsabilite\/\" \/>\n<meta property=\"og:locale\" content=\"fr_FR\" \/>\n<meta property=\"og:type\" content=\"article\" \/>\n<meta property=\"og:title\" content=\"Descargo de responsabilidad - Limantecon\" \/>\n<meta property=\"og:description\" content=\"Descargo de responsabilidad\" \/>\n<meta property=\"og:url\" content=\"https:\/\/limantecon.com\/fr\/clause-de-non-responsabilite\/\" \/>\n<meta property=\"og:site_name\" content=\"Limantecon\" \/>\n<meta property=\"article:modified_time\" content=\"2026-02-25T18:32:55+00:00\" \/>\n<meta property=\"og:image\" content=\"https:\/\/limantecon.com\/wp-content\/uploads\/2026\/01\/Sobre-nosotros.jpg\" \/>\n\t<meta property=\"og:image:width\" content=\"1072\" \/>\n\t<meta property=\"og:image:height\" content=\"712\" \/>\n\t<meta property=\"og:image:type\" content=\"image\/jpeg\" \/>\n<meta name=\"twitter:card\" content=\"summary_large_image\" \/>\n<meta name=\"twitter:label1\" content=\"Dur\u00e9e de lecture estim\u00e9e\" \/>\n\t<meta name=\"twitter:data1\" content=\"2 minutes\" \/>\n<script type=\"application\/ld+json\" class=\"yoast-schema-graph\">{\"@context\":\"https:\/\/schema.org\",\"@graph\":[{\"@type\":\"WebPage\",\"@id\":\"https:\/\/limantecon.com\/descargo-de-responsabilidad\/\",\"url\":\"https:\/\/limantecon.com\/descargo-de-responsabilidad\/\",\"name\":\"Descargo de responsabilidad - Limantecon\",\"isPartOf\":{\"@id\":\"https:\/\/limantecon.com\/#website\"},\"datePublished\":\"2026-02-25T18:27:30+00:00\",\"dateModified\":\"2026-02-25T18:32:55+00:00\",\"breadcrumb\":{\"@id\":\"https:\/\/limantecon.com\/descargo-de-responsabilidad\/#breadcrumb\"},\"inLanguage\":\"fr-FR\",\"potentialAction\":[{\"@type\":\"ReadAction\",\"target\":[\"https:\/\/limantecon.com\/descargo-de-responsabilidad\/\"]}]},{\"@type\":\"BreadcrumbList\",\"@id\":\"https:\/\/limantecon.com\/descargo-de-responsabilidad\/#breadcrumb\",\"itemListElement\":[{\"@type\":\"ListItem\",\"position\":1,\"name\":\"Portada\",\"item\":\"https:\/\/limantecon.com\/\"},{\"@type\":\"ListItem\",\"position\":2,\"name\":\"Descargo de responsabilidad\"}]},{\"@type\":\"WebSite\",\"@id\":\"https:\/\/limantecon.com\/#website\",\"url\":\"https:\/\/limantecon.com\/\",\"name\":\"Limantecon\",\"description\":\"Empresa de Limpieza y Mantenimiento en Marbella\",\"publisher\":{\"@id\":\"https:\/\/limantecon.com\/#organization\"},\"potentialAction\":[{\"@type\":\"SearchAction\",\"target\":{\"@type\":\"EntryPoint\",\"urlTemplate\":\"https:\/\/limantecon.com\/?s={search_term_string}\"},\"query-input\":{\"@type\":\"PropertyValueSpecification\",\"valueRequired\":true,\"valueName\":\"search_term_string\"}}],\"inLanguage\":\"fr-FR\"},{\"@type\":\"Organization\",\"@id\":\"https:\/\/limantecon.com\/#organization\",\"name\":\"Limantecon | Empresa de Limpieza y Mantenimiento en Marbella\",\"alternateName\":\"Limantecon\",\"url\":\"https:\/\/limantecon.com\/\",\"logo\":{\"@type\":\"ImageObject\",\"inLanguage\":\"fr-FR\",\"@id\":\"https:\/\/limantecon.com\/#\/schema\/logo\/image\/\",\"url\":\"https:\/\/limantecon.com\/wp-content\/uploads\/2026\/02\/cropped-3.png\",\"contentUrl\":\"https:\/\/limantecon.com\/wp-content\/uploads\/2026\/02\/cropped-3.png\",\"width\":512,\"height\":512,\"caption\":\"Limantecon | Empresa de Limpieza y Mantenimiento en Marbella\"},\"image\":{\"@id\":\"https:\/\/limantecon.com\/#\/schema\/logo\/image\/\"}}]}<\/script>\n<!-- \/ Yoast SEO Premium plugin. -->","yoast_head_json":{"title":"Avis de non-responsabilit\u00e9 - Limantecon","robots":{"index":"index","follow":"follow","max-snippet":"max-snippet:-1","max-image-preview":"max-image-preview:large","max-video-preview":"max-video-preview:-1"},"canonical":"https:\/\/limantecon.com\/fr\/clause-de-non-responsabilite\/","og_locale":"fr_FR","og_type":"article","og_title":"Descargo de responsabilidad - Limantecon","og_description":"Descargo de responsabilidad","og_url":"https:\/\/limantecon.com\/fr\/clause-de-non-responsabilite\/","og_site_name":"Limantecon","article_modified_time":"2026-02-25T18:32:55+00:00","og_image":[{"width":1072,"height":712,"url":"https:\/\/limantecon.com\/wp-content\/uploads\/2026\/01\/Sobre-nosotros.jpg","type":"image\/jpeg"}],"twitter_card":"summary_large_image","twitter_misc":{"Dur\u00e9e de lecture estim\u00e9e":"2 minutes"},"schema":{"@context":"https:\/\/schema.org","@graph":[{"@type":"WebPage","@id":"https:\/\/limantecon.com\/descargo-de-responsabilidad\/","url":"https:\/\/limantecon.com\/descargo-de-responsabilidad\/","name":"Avis de non-responsabilit\u00e9 - Limantecon","isPartOf":{"@id":"https:\/\/limantecon.com\/#website"},"datePublished":"2026-02-25T18:27:30+00:00","dateModified":"2026-02-25T18:32:55+00:00","breadcrumb":{"@id":"https:\/\/limantecon.com\/descargo-de-responsabilidad\/#breadcrumb"},"inLanguage":"fr-FR","potentialAction":[{"@type":"ReadAction","target":["https:\/\/limantecon.com\/descargo-de-responsabilidad\/"]}]},{"@type":"BreadcrumbList","@id":"https:\/\/limantecon.com\/descargo-de-responsabilidad\/#breadcrumb","itemListElement":[{"@type":"ListItem","position":1,"name":"Portada","item":"https:\/\/limantecon.com\/"},{"@type":"ListItem","position":2,"name":"Descargo de responsabilidad"}]},{"@type":"WebSite","@id":"https:\/\/limantecon.com\/#website","url":"https:\/\/limantecon.com\/","name":"Limantecon","description":"Entreprise de nettoyage et d'entretien \u00e0 Marbella","publisher":{"@id":"https:\/\/limantecon.com\/#organization"},"potentialAction":[{"@type":"SearchAction","target":{"@type":"EntryPoint","urlTemplate":"https:\/\/limantecon.com\/?s={search_term_string}"},"query-input":{"@type":"PropertyValueSpecification","valueRequired":true,"valueName":"search_term_string"}}],"inLanguage":"fr-FR"},{"@type":"Organization","@id":"https:\/\/limantecon.com\/#organization","name":"Limantecon | Entreprise de nettoyage et d'entretien \u00e0 Marbella","alternateName":"Limantecon","url":"https:\/\/limantecon.com\/","logo":{"@type":"ImageObject","inLanguage":"fr-FR","@id":"https:\/\/limantecon.com\/#\/schema\/logo\/image\/","url":"https:\/\/limantecon.com\/wp-content\/uploads\/2026\/02\/cropped-3.png","contentUrl":"https:\/\/limantecon.com\/wp-content\/uploads\/2026\/02\/cropped-3.png","width":512,"height":512,"caption":"Limantecon | Empresa de Limpieza y Mantenimiento en Marbella"},"image":{"@id":"https:\/\/limantecon.com\/#\/schema\/logo\/image\/"}}]}},"_links":{"self":[{"href":"https:\/\/limantecon.com\/fr\/wp-json\/wp\/v2\/pages\/2381","targetHints":{"allow":["GET"]}}],"collection":[{"href":"https:\/\/limantecon.com\/fr\/wp-json\/wp\/v2\/pages"}],"about":[{"href":"https:\/\/limantecon.com\/fr\/wp-json\/wp\/v2\/types\/page"}],"author":[{"embeddable":true,"href":"https:\/\/limantecon.com\/fr\/wp-json\/wp\/v2\/users\/1"}],"replies":[{"embeddable":true,"href":"https:\/\/limantecon.com\/fr\/wp-json\/wp\/v2\/comments?post=2381"}],"version-history":[{"count":3,"href":"https:\/\/limantecon.com\/fr\/wp-json\/wp\/v2\/pages\/2381\/revisions"}],"predecessor-version":[{"id":2399,"href":"https:\/\/limantecon.com\/fr\/wp-json\/wp\/v2\/pages\/2381\/revisions\/2399"}],"wp:attachment":[{"href":"https:\/\/limantecon.com\/fr\/wp-json\/wp\/v2\/media?parent=2381"}],"curies":[{"name":"wp","href":"https:\/\/api.w.org\/{rel}","templated":true}]}}