{"id":797,"date":"2025-12-19T06:56:56","date_gmt":"2025-12-19T06:56:56","guid":{"rendered":"https:\/\/limantecon.com\/?page_id=797"},"modified":"2026-02-16T21:36:10","modified_gmt":"2026-02-16T21:36:10","slug":"contact","status":"publish","type":"page","link":"https:\/\/limantecon.com\/en\/contacto\/","title":{"rendered":"Contact"},"content":{"rendered":"\t\t<div data-elementor-type=\"wp-page\" data-elementor-id=\"797\" class=\"elementor elementor-797\" data-elementor-post-type=\"page\">\n\t\t\t\t<div class=\"elementor-element elementor-element-7c63f34 e-flex e-con-boxed e-con e-parent\" data-id=\"7c63f34\" data-element_type=\"container\" data-settings=\"{&quot;background_background&quot;:&quot;classic&quot;,&quot;shape_divider_bottom&quot;:&quot;waves&quot;}\">\n\t\t\t\t\t<div class=\"e-con-inner\">\n\t\t\t\t<div class=\"elementor-shape elementor-shape-bottom\" aria-hidden=\"true\" data-negative=\"false\">\n\t\t\t<svg xmlns=\"http:\/\/www.w3.org\/2000\/svg\" viewBox=\"0 0 1000 100\" preserveAspectRatio=\"none\">\n\t<path class=\"elementor-shape-fill\" d=\"M421.9,6.5c22.6-2.5,51.5,0.4,75.5,5.3c23.6,4.9,70.9,23.5,100.5,35.7c75.8,32.2,133.7,44.5,192.6,49.7\n\tc23.6,2.1,48.7,3.5,103.4-2.5c54.7-6,106.2-25.6,106.2-25.6V0H0v30.3c0,0,72,32.6,158.4,30.5c39.2-0.7,92.8-6.7,134-22.4\n\tc21.2-8.1,52.2-18.2,79.7-24.2C399.3,7.9,411.6,7.5,421.9,6.5z\"\/>\n<\/svg>\t\t<\/div>\n\t\t\t\t\t<\/div>\n\t\t\t\t<\/div>\n\t\t<div class=\"elementor-element elementor-element-b6014e0 e-flex e-con-boxed e-con e-parent\" data-id=\"b6014e0\" data-element_type=\"container\">\n\t\t\t\t\t<div class=\"e-con-inner\">\n\t\t\t\t<div class=\"elementor-element elementor-element-49feb99 elementor-widget elementor-widget-text-editor\" data-id=\"49feb99\" data-element_type=\"widget\" data-widget_type=\"text-editor.default\">\n\t\t\t\t\t\t\t\t\t<p>En Limantecon estamos siempre disponibles para atender sus consultas, ofrecer asesoramiento personalizado y brindarle soluciones de limpieza y mantenimiento a medida. Ya sea para particulares, negocios o proyectos industriales, nuestro equipo profesional le guiar\u00e1 en cada paso, garantizando un servicio cercano, eficiente y confiable. Cont\u00e1ctenos y descubra c\u00f3mo podemos ayudarle a mantener sus espacios impecables.<\/p>\t\t\t\t\t\t\t\t<\/div>\n\t\t\t\t\t<\/div>\n\t\t\t\t<\/div>\n\t\t<div class=\"elementor-element elementor-element-625361f e-flex e-con-boxed e-con e-parent\" data-id=\"625361f\" data-element_type=\"container\">\n\t\t\t\t\t<div class=\"e-con-inner\">\n\t\t\t\t<div class=\"elementor-element elementor-element-3a6c482 elementor-widget elementor-widget-template\" data-id=\"3a6c482\" data-element_type=\"widget\" data-widget_type=\"template.default\">\n\t\t\t\t<div class=\"elementor-widget-container\">\n\t\t\t\t\t\t\t<div class=\"elementor-template\">\n\t\t\t\t\t<div data-elementor-type=\"container\" data-elementor-id=\"1186\" class=\"elementor elementor-1186\" data-elementor-post-type=\"elementor_library\">\n\t\t\t\t<div class=\"elementor-element elementor-element-51b88ada e-flex e-con-boxed e-con e-parent\" data-id=\"51b88ada\" data-element_type=\"container\" data-settings=\"{&quot;background_background&quot;:&quot;classic&quot;}\">\n\t\t\t\t\t<div class=\"e-con-inner\">\n\t\t\t\t<div class=\"elementor-element elementor-element-3a7aeb19 elementor-widget elementor-widget-heading\" data-id=\"3a7aeb19\" data-element_type=\"widget\" data-widget_type=\"heading.default\">\n\t\t\t\t\t<h2 class=\"elementor-heading-title elementor-size-default\">Cont\u00e1ctenos ahora<\/h2>\t\t\t\t<\/div>\n\t\t\t\t<div class=\"elementor-element elementor-element-6f4286d1 elementor-widget__width-initial elementor-widget elementor-widget-text-editor\" data-id=\"6f4286d1\" data-element_type=\"widget\" data-widget_type=\"text-editor.default\">\n\t\t\t\t\t\t\t\t\t<p>Ya sea que necesite mantenimiento regular o tratamientos especializados, Limantecon entrega resultados que perduran.<\/p>\t\t\t\t\t\t\t\t<\/div>\n\t\t\t\t\t<\/div>\n\t\t\t\t<\/div>\n\t\t<div class=\"elementor-element elementor-element-ed559d3 e-flex e-con-boxed e-con e-parent\" data-id=\"ed559d3\" data-element_type=\"container\" data-settings=\"{&quot;background_background&quot;:&quot;classic&quot;}\">\n\t\t\t\t\t<div class=\"e-con-inner\">\n\t\t<div class=\"elementor-element elementor-element-7f5f72d e-con-full e-flex e-con e-child\" data-id=\"7f5f72d\" data-element_type=\"container\">\n\t\t\t\t<div class=\"elementor-element elementor-element-279c9d6 elementor-widget__width-initial elementor-position-top elementor-invisible elementor-widget elementor-widget-image-box\" data-id=\"279c9d6\" data-element_type=\"widget\" data-settings=\"{&quot;_animation&quot;:&quot;fadeInDown&quot;}\" data-widget_type=\"image-box.default\">\n\t\t\t\t\t<div class=\"elementor-image-box-wrapper\"><figure class=\"elementor-image-box-img\"><a href=\"tel:+34611755346\" tabindex=\"-1\"><img fetchpriority=\"high\" decoding=\"async\" width=\"512\" height=\"512\" src=\"https:\/\/limantecon.com\/wp-content\/uploads\/2026\/01\/ring-phone.png\" class=\"attachment-full size-full wp-image-1108\" alt=\"\" srcset=\"https:\/\/limantecon.com\/wp-content\/uploads\/2026\/01\/ring-phone.png 512w, https:\/\/limantecon.com\/wp-content\/uploads\/2026\/01\/ring-phone-300x300.png 300w, https:\/\/limantecon.com\/wp-content\/uploads\/2026\/01\/ring-phone-100x100.png 100w, https:\/\/limantecon.com\/wp-content\/uploads\/2026\/01\/ring-phone-150x150.png 150w\" sizes=\"(max-width: 512px) 100vw, 512px\" \/><\/a><\/figure><div class=\"elementor-image-box-content\"><h3 class=\"elementor-image-box-title\"><a href=\"tel:+34611755346\">Ll\u00e1menos:<\/a><\/h3><p class=\"elementor-image-box-description\">+34 611 75 53 46 <br><br><\/p><\/div><\/div>\t\t\t\t<\/div>\n\t\t\t\t<\/div>\n\t\t<div class=\"elementor-element elementor-element-2bbe3ee e-con-full e-flex e-con e-child\" data-id=\"2bbe3ee\" data-element_type=\"container\">\n\t\t\t\t<div class=\"elementor-element elementor-element-b5ffc17 elementor-widget__width-initial elementor-position-top elementor-invisible elementor-widget elementor-widget-image-box\" data-id=\"b5ffc17\" data-element_type=\"widget\" data-settings=\"{&quot;_animation&quot;:&quot;fadeInDown&quot;}\" data-widget_type=\"image-box.default\">\n\t\t\t\t\t<div class=\"elementor-image-box-wrapper\"><figure class=\"elementor-image-box-img\"><a href=\"mailto:info@limantecon.com\" tabindex=\"-1\"><img decoding=\"async\" width=\"512\" height=\"512\" src=\"https:\/\/limantecon.com\/wp-content\/uploads\/2026\/01\/mail.png\" class=\"attachment-full size-full wp-image-1109\" alt=\"\" srcset=\"https:\/\/limantecon.com\/wp-content\/uploads\/2026\/01\/mail.png 512w, https:\/\/limantecon.com\/wp-content\/uploads\/2026\/01\/mail-300x300.png 300w, https:\/\/limantecon.com\/wp-content\/uploads\/2026\/01\/mail-100x100.png 100w, https:\/\/limantecon.com\/wp-content\/uploads\/2026\/01\/mail-150x150.png 150w\" sizes=\"(max-width: 512px) 100vw, 512px\" \/><\/a><\/figure><div class=\"elementor-image-box-content\"><h3 class=\"elementor-image-box-title\"><a href=\"mailto:info@limantecon.com\">Escr\u00edbanos:<\/a><\/h3><p class=\"elementor-image-box-description\">info@limantecon.com <br><br><\/p><\/div><\/div>\t\t\t\t<\/div>\n\t\t\t\t<\/div>\n\t\t<div class=\"elementor-element elementor-element-34ab375 e-con-full e-flex e-con e-child\" data-id=\"34ab375\" data-element_type=\"container\">\n\t\t\t\t<div class=\"elementor-element elementor-element-033e530 elementor-widget__width-initial elementor-position-top elementor-invisible elementor-widget elementor-widget-image-box\" data-id=\"033e530\" data-element_type=\"widget\" data-settings=\"{&quot;_animation&quot;:&quot;fadeInDown&quot;}\" data-widget_type=\"image-box.default\">\n\t\t\t\t\t<div class=\"elementor-image-box-wrapper\"><figure class=\"elementor-image-box-img\"><img decoding=\"async\" width=\"409\" height=\"512\" src=\"https:\/\/limantecon.com\/wp-content\/uploads\/2026\/01\/ubicacion-e1772139486273.png\" class=\"attachment-full size-full wp-image-1115\" alt=\"\" srcset=\"https:\/\/limantecon.com\/wp-content\/uploads\/2026\/01\/ubicacion-e1772139486273.png 409w, https:\/\/limantecon.com\/wp-content\/uploads\/2026\/01\/ubicacion-e1772139486273-240x300.png 240w, https:\/\/limantecon.com\/wp-content\/uploads\/2026\/01\/ubicacion-e1772139486273-10x12.png 10w\" sizes=\"(max-width: 409px) 100vw, 409px\" \/><\/figure><div class=\"elementor-image-box-content\"><h3 class=\"elementor-image-box-title\">Encu\u00e9ntrenos:<\/h3><p class=\"elementor-image-box-description\">Calle Finlandia, 24, <br>29670, Marbella (M\u00e1laga)<\/p><\/div><\/div>\t\t\t\t<\/div>\n\t\t\t\t<\/div>\n\t\t<div class=\"elementor-element elementor-element-800ff16 e-con-full e-flex e-con e-child\" data-id=\"800ff16\" data-element_type=\"container\">\n\t\t\t\t<div class=\"elementor-element elementor-element-a6d4824 elementor-widget__width-initial elementor-position-top elementor-invisible elementor-widget elementor-widget-image-box\" data-id=\"a6d4824\" data-element_type=\"widget\" data-settings=\"{&quot;_animation&quot;:&quot;fadeInDown&quot;}\" data-widget_type=\"image-box.default\">\n\t\t\t\t\t<div class=\"elementor-image-box-wrapper\"><figure class=\"elementor-image-box-img\"><img loading=\"lazy\" decoding=\"async\" width=\"512\" height=\"512\" src=\"https:\/\/limantecon.com\/wp-content\/uploads\/2026\/01\/horario.png\" class=\"attachment-full size-full wp-image-1117\" alt=\"\" srcset=\"https:\/\/limantecon.com\/wp-content\/uploads\/2026\/01\/horario.png 512w, https:\/\/limantecon.com\/wp-content\/uploads\/2026\/01\/horario-300x300.png 300w, https:\/\/limantecon.com\/wp-content\/uploads\/2026\/01\/horario-100x100.png 100w, https:\/\/limantecon.com\/wp-content\/uploads\/2026\/01\/horario-150x150.png 150w\" sizes=\"(max-width: 512px) 100vw, 512px\" \/><\/figure><div class=\"elementor-image-box-content\"><h3 class=\"elementor-image-box-title\">Horario:<\/h3><p class=\"elementor-image-box-description\">Lunes a Viernes <br> 07:00 - 17:00<\/p><\/div><\/div>\t\t\t\t<\/div>\n\t\t\t\t<\/div>\n\t\t\t\t\t<\/div>\n\t\t\t\t<\/div>\n\t\t<div class=\"elementor-element elementor-element-373fb9c e-flex e-con-boxed e-con e-parent\" data-id=\"373fb9c\" data-element_type=\"container\" data-settings=\"{&quot;background_background&quot;:&quot;classic&quot;}\">\n\t\t\t\t\t<div class=\"e-con-inner\">\n\t\t<div class=\"elementor-element elementor-element-1eac872 e-con-full e-flex e-con e-child\" data-id=\"1eac872\" data-element_type=\"container\">\n\t\t\t\t<div class=\"elementor-element elementor-element-4ccc7aa elementor-widget elementor-widget-text-editor\" data-id=\"4ccc7aa\" data-element_type=\"widget\" data-widget_type=\"text-editor.default\">\n\t\t\t\t\t\t\t\t\t<p>Si tiene alguna consulta o necesita m\u00e1s informaci\u00f3n, escr\u00edbanos a trav\u00e9s de nuestro formulario de contacto y nuestro equipo se pondr\u00e1 en contacto con usted lo antes posible.<\/p>\t\t\t\t\t\t\t\t<\/div>\n\t\t\t\t<div class=\"elementor-element elementor-element-fe13181 elementor-button-align-start elementor-widget elementor-widget-form\" data-id=\"fe13181\" data-element_type=\"widget\" data-settings=\"{&quot;step_next_label&quot;:&quot;Next&quot;,&quot;step_previous_label&quot;:&quot;Previous&quot;,&quot;button_width&quot;:&quot;100&quot;,&quot;step_type&quot;:&quot;number_text&quot;,&quot;step_icon_shape&quot;:&quot;circle&quot;}\" data-widget_type=\"form.default\">\n\t\t\t\t\t\t\t<form class=\"elementor-form\" method=\"post\" name=\"Contacto\" aria-label=\"Contacto\">\n\t\t\t<input type=\"hidden\" name=\"post_id\" value=\"1186\"\/>\n\t\t\t<input type=\"hidden\" name=\"form_id\" value=\"fe13181\"\/>\n\t\t\t<input type=\"hidden\" name=\"referer_title\" value=\"Limantecon\" \/>\n\n\t\t\t\n\t\t\t<div class=\"elementor-form-fields-wrapper elementor-labels-\">\n\t\t\t\t\t\t\t\t<div class=\"elementor-field-type-text elementor-field-group elementor-column elementor-field-group-Nombre elementor-col-50\">\n\t\t\t\t\t\t\t\t\t\t\t\t<label for=\"form-field-Nombre\" class=\"elementor-field-label elementor-screen-only\">\n\t\t\t\t\t\t\t\tNombre\t\t\t\t\t\t\t<\/label>\n\t\t\t\t\t\t\t\t\t\t\t\t\t\t<input size=\"1\" type=\"text\" name=\"form_fields[Nombre]\" id=\"form-field-Nombre\" class=\"elementor-field elementor-size-sm  elementor-field-textual\" placeholder=\"Nombre\">\n\t\t\t\t\t\t\t\t\t\t\t<\/div>\n\t\t\t\t\t\t\t\t<div class=\"elementor-field-type-text elementor-field-group elementor-column elementor-field-group-Apellido elementor-col-50\">\n\t\t\t\t\t\t\t\t\t\t\t\t<label for=\"form-field-Apellido\" class=\"elementor-field-label elementor-screen-only\">\n\t\t\t\t\t\t\t\tApellido\t\t\t\t\t\t\t<\/label>\n\t\t\t\t\t\t\t\t\t\t\t\t\t\t<input size=\"1\" type=\"text\" name=\"form_fields[Apellido]\" id=\"form-field-Apellido\" class=\"elementor-field elementor-size-sm  elementor-field-textual\" placeholder=\"Apellido\">\n\t\t\t\t\t\t\t\t\t\t\t<\/div>\n\t\t\t\t\t\t\t\t<div class=\"elementor-field-type-email elementor-field-group elementor-column elementor-field-group-email elementor-col-50 elementor-field-required\">\n\t\t\t\t\t\t\t\t\t\t\t\t<label for=\"form-field-email\" class=\"elementor-field-label elementor-screen-only\">\n\t\t\t\t\t\t\t\tEmail\t\t\t\t\t\t\t<\/label>\n\t\t\t\t\t\t\t\t\t\t\t\t\t\t<input size=\"1\" type=\"email\" name=\"form_fields[email]\" id=\"form-field-email\" class=\"elementor-field elementor-size-sm  elementor-field-textual\" placeholder=\"Email\" required=\"required\">\n\t\t\t\t\t\t\t\t\t\t\t<\/div>\n\t\t\t\t\t\t\t\t<div class=\"elementor-field-type-tel elementor-field-group elementor-column elementor-field-group-Telefono elementor-col-50 elementor-field-required\">\n\t\t\t\t\t\t\t\t\t\t\t\t<label for=\"form-field-Telefono\" class=\"elementor-field-label elementor-screen-only\">\n\t\t\t\t\t\t\t\tTelefono\t\t\t\t\t\t\t<\/label>\n\t\t\t\t\t\t\t\t<input size=\"1\" type=\"tel\" name=\"form_fields[Telefono]\" id=\"form-field-Telefono\" class=\"elementor-field elementor-size-sm  elementor-field-textual\" placeholder=\"Tel\u00e9fono\" required=\"required\" pattern=\"[0-9()#&amp;+*-=.]+\" title=\"Only numbers and phone characters (#, -, *, etc) are accepted.\">\n\n\t\t\t\t\t\t<\/div>\n\t\t\t\t\t\t\t\t<div class=\"elementor-field-type-textarea elementor-field-group elementor-column elementor-field-group-Mensaje elementor-col-100\">\n\t\t\t\t\t\t\t\t\t\t\t\t<label for=\"form-field-Mensaje\" class=\"elementor-field-label elementor-screen-only\">\n\t\t\t\t\t\t\t\tMensaje\t\t\t\t\t\t\t<\/label>\n\t\t\t\t\t\t<textarea class=\"elementor-field-textual elementor-field  elementor-size-sm\" name=\"form_fields[Mensaje]\" id=\"form-field-Mensaje\" rows=\"4\" placeholder=\"Mensaje\"><\/textarea>\t\t\t\t<\/div>\n\t\t\t\t\t\t\t\t<div class=\"elementor-field-group elementor-column elementor-field-type-submit elementor-col-100 e-form__buttons\">\n\t\t\t\t\t<button class=\"elementor-button elementor-size-sm\" type=\"submit\">\n\t\t\t\t\t\t<span class=\"elementor-button-content-wrapper\">\n\t\t\t\t\t\t\t\t\t\t\t\t\t\t\t\t\t\t\t\t\t\t<span class=\"elementor-button-text\">Enviar<\/span>\n\t\t\t\t\t\t\t\t\t\t\t\t\t<\/span>\n\t\t\t\t\t<\/button>\n\t\t\t\t<\/div>\n\t\t\t<\/div>\n\t\t<\/form>\n\t\t\t\t\t\t<\/div>\n\t\t\t\t<\/div>\n\t\t<div class=\"elementor-element elementor-element-5813aeb e-con-full e-flex e-con e-child\" data-id=\"5813aeb\" data-element_type=\"container\">\n\t\t\t\t<div class=\"elementor-element elementor-element-3968dac elementor-widget elementor-widget-google_maps\" data-id=\"3968dac\" data-element_type=\"widget\" data-widget_type=\"google_maps.default\">\n\t\t\t\t\t\t\t<div class=\"elementor-custom-embed\">\n\t\t\t<iframe loading=\"lazy\"\n\t\t\t\t\tsrc=\"https:\/\/maps.google.com\/maps?q=Limantecon&#038;t=m&#038;z=16&#038;output=embed&#038;iwloc=near\"\n\t\t\t\t\ttitle=\"Limantecon\"\n\t\t\t\t\taria-label=\"Limantecon\"\n\t\t\t><\/iframe>\n\t\t<\/div>\n\t\t\t\t\t\t<\/div>\n\t\t\t\t<\/div>\n\t\t\t\t\t<\/div>\n\t\t\t\t<\/div>\n\t\t\t\t<\/div>\n\t\t\t\t<\/div>\n\t\t\t\t\t\t<\/div>\n\t\t\t\t<\/div>\n\t\t\t\t\t<\/div>\n\t\t\t\t<\/div>\n\t\t\t\t<\/div>\n\t\t","protected":false},"excerpt":{"rendered":"<p>At Limantecon we are always available to answer your queries, offer personalised advice and provide you with tailor-made cleaning and maintenance solutions. Whether for individuals, businesses or industrial projects, our professional team will guide you every step of the way, guaranteeing a close, efficient and reliable service. Contact us and find out how we can help you keep your spaces spotless.<\/p>","protected":false},"author":2,"featured_media":0,"parent":0,"menu_order":0,"comment_status":"closed","ping_status":"closed","template":"elementor_header_footer","meta":{"footnotes":""},"class_list":["post-797","page","type-page","status-publish","hentry"],"yoast_head":"<!-- This site is optimized with the Yoast SEO Premium plugin v27.1 (Yoast SEO v27.0) - https:\/\/yoast.com\/product\/yoast-seo-premium-wordpress\/ -->\n<title>Contacto - Limantecon<\/title>\n<meta name=\"robots\" content=\"index, follow, max-snippet:-1, max-image-preview:large, max-video-preview:-1\" \/>\n<link rel=\"canonical\" href=\"https:\/\/limantecon.com\/en\/contact\/\" \/>\n<meta property=\"og:locale\" content=\"en_GB\" \/>\n<meta property=\"og:type\" content=\"article\" \/>\n<meta property=\"og:title\" content=\"Contacto - Limantecon\" \/>\n<meta property=\"og:description\" content=\"En Limantecon estamos siempre disponibles para atender sus consultas, ofrecer asesoramiento personalizado y brindarle soluciones de limpieza y mantenimiento a medida. Ya sea para particulares, negocios o proyectos industriales, nuestro equipo profesional le guiar\u00e1 en cada paso, garantizando un servicio cercano, eficiente y confiable. Cont\u00e1ctenos y descubra c\u00f3mo podemos ayudarle a mantener sus espacios impecables.\" \/>\n<meta property=\"og:url\" content=\"https:\/\/limantecon.com\/en\/contact\/\" \/>\n<meta property=\"og:site_name\" content=\"Limantecon\" \/>\n<meta property=\"article:modified_time\" content=\"2026-02-16T21:36:10+00:00\" \/>\n<meta property=\"og:image\" content=\"https:\/\/limantecon.com\/wp-content\/uploads\/2026\/01\/Sobre-nosotros.jpg\" \/>\n\t<meta property=\"og:image:width\" content=\"1072\" \/>\n\t<meta property=\"og:image:height\" content=\"712\" \/>\n\t<meta property=\"og:image:type\" content=\"image\/jpeg\" \/>\n<meta name=\"twitter:card\" content=\"summary_large_image\" \/>\n<script type=\"application\/ld+json\" class=\"yoast-schema-graph\">{\"@context\":\"https:\/\/schema.org\",\"@graph\":[{\"@type\":\"WebPage\",\"@id\":\"https:\/\/limantecon.com\/contacto\/\",\"url\":\"https:\/\/limantecon.com\/contacto\/\",\"name\":\"Contacto - Limantecon\",\"isPartOf\":{\"@id\":\"https:\/\/limantecon.com\/#website\"},\"datePublished\":\"2025-12-19T06:56:56+00:00\",\"dateModified\":\"2026-02-16T21:36:10+00:00\",\"breadcrumb\":{\"@id\":\"https:\/\/limantecon.com\/contacto\/#breadcrumb\"},\"inLanguage\":\"en-GB\",\"potentialAction\":[{\"@type\":\"ReadAction\",\"target\":[\"https:\/\/limantecon.com\/contacto\/\"]}]},{\"@type\":\"BreadcrumbList\",\"@id\":\"https:\/\/limantecon.com\/contacto\/#breadcrumb\",\"itemListElement\":[{\"@type\":\"ListItem\",\"position\":1,\"name\":\"Portada\",\"item\":\"https:\/\/limantecon.com\/\"},{\"@type\":\"ListItem\",\"position\":2,\"name\":\"Contacto\"}]},{\"@type\":\"WebSite\",\"@id\":\"https:\/\/limantecon.com\/#website\",\"url\":\"https:\/\/limantecon.com\/\",\"name\":\"Limantecon\",\"description\":\"Empresa de Limpieza y Mantenimiento en Marbella\",\"publisher\":{\"@id\":\"https:\/\/limantecon.com\/#organization\"},\"potentialAction\":[{\"@type\":\"SearchAction\",\"target\":{\"@type\":\"EntryPoint\",\"urlTemplate\":\"https:\/\/limantecon.com\/?s={search_term_string}\"},\"query-input\":{\"@type\":\"PropertyValueSpecification\",\"valueRequired\":true,\"valueName\":\"search_term_string\"}}],\"inLanguage\":\"en-GB\"},{\"@type\":\"Organization\",\"@id\":\"https:\/\/limantecon.com\/#organization\",\"name\":\"Limantecon | Empresa de Limpieza y Mantenimiento en Marbella\",\"alternateName\":\"Limantecon\",\"url\":\"https:\/\/limantecon.com\/\",\"logo\":{\"@type\":\"ImageObject\",\"inLanguage\":\"en-GB\",\"@id\":\"https:\/\/limantecon.com\/#\/schema\/logo\/image\/\",\"url\":\"https:\/\/limantecon.com\/wp-content\/uploads\/2026\/02\/cropped-3.png\",\"contentUrl\":\"https:\/\/limantecon.com\/wp-content\/uploads\/2026\/02\/cropped-3.png\",\"width\":512,\"height\":512,\"caption\":\"Limantecon | Empresa de Limpieza y Mantenimiento en Marbella\"},\"image\":{\"@id\":\"https:\/\/limantecon.com\/#\/schema\/logo\/image\/\"}}]}<\/script>\n<!-- \/ Yoast SEO Premium plugin. -->","yoast_head_json":{"title":"Contact - Limantecon","robots":{"index":"index","follow":"follow","max-snippet":"max-snippet:-1","max-image-preview":"max-image-preview:large","max-video-preview":"max-video-preview:-1"},"canonical":"https:\/\/limantecon.com\/en\/contact\/","og_locale":"en_GB","og_type":"article","og_title":"Contacto - Limantecon","og_description":"En Limantecon estamos siempre disponibles para atender sus consultas, ofrecer asesoramiento personalizado y brindarle soluciones de limpieza y mantenimiento a medida. Ya sea para particulares, negocios o proyectos industriales, nuestro equipo profesional le guiar\u00e1 en cada paso, garantizando un servicio cercano, eficiente y confiable. Cont\u00e1ctenos y descubra c\u00f3mo podemos ayudarle a mantener sus espacios impecables.","og_url":"https:\/\/limantecon.com\/en\/contact\/","og_site_name":"Limantecon","article_modified_time":"2026-02-16T21:36:10+00:00","og_image":[{"width":1072,"height":712,"url":"https:\/\/limantecon.com\/wp-content\/uploads\/2026\/01\/Sobre-nosotros.jpg","type":"image\/jpeg"}],"twitter_card":"summary_large_image","schema":{"@context":"https:\/\/schema.org","@graph":[{"@type":"WebPage","@id":"https:\/\/limantecon.com\/contacto\/","url":"https:\/\/limantecon.com\/contacto\/","name":"Contact - Limantecon","isPartOf":{"@id":"https:\/\/limantecon.com\/#website"},"datePublished":"2025-12-19T06:56:56+00:00","dateModified":"2026-02-16T21:36:10+00:00","breadcrumb":{"@id":"https:\/\/limantecon.com\/contacto\/#breadcrumb"},"inLanguage":"en-GB","potentialAction":[{"@type":"ReadAction","target":["https:\/\/limantecon.com\/contacto\/"]}]},{"@type":"BreadcrumbList","@id":"https:\/\/limantecon.com\/contacto\/#breadcrumb","itemListElement":[{"@type":"ListItem","position":1,"name":"Portada","item":"https:\/\/limantecon.com\/"},{"@type":"ListItem","position":2,"name":"Contacto"}]},{"@type":"WebSite","@id":"https:\/\/limantecon.com\/#website","url":"https:\/\/limantecon.com\/","name":"Limantecon","description":"Cleaning and Maintenance Company in Marbella","publisher":{"@id":"https:\/\/limantecon.com\/#organization"},"potentialAction":[{"@type":"SearchAction","target":{"@type":"EntryPoint","urlTemplate":"https:\/\/limantecon.com\/?s={search_term_string}"},"query-input":{"@type":"PropertyValueSpecification","valueRequired":true,"valueName":"search_term_string"}}],"inLanguage":"en-GB"},{"@type":"Organization","@id":"https:\/\/limantecon.com\/#organization","name":"Limantecon | Cleaning &amp; Maintenance Company in Marbella","alternateName":"Limantecon","url":"https:\/\/limantecon.com\/","logo":{"@type":"ImageObject","inLanguage":"en-GB","@id":"https:\/\/limantecon.com\/#\/schema\/logo\/image\/","url":"https:\/\/limantecon.com\/wp-content\/uploads\/2026\/02\/cropped-3.png","contentUrl":"https:\/\/limantecon.com\/wp-content\/uploads\/2026\/02\/cropped-3.png","width":512,"height":512,"caption":"Limantecon | Empresa de Limpieza y Mantenimiento en Marbella"},"image":{"@id":"https:\/\/limantecon.com\/#\/schema\/logo\/image\/"}}]}},"_links":{"self":[{"href":"https:\/\/limantecon.com\/en\/wp-json\/wp\/v2\/pages\/797","targetHints":{"allow":["GET"]}}],"collection":[{"href":"https:\/\/limantecon.com\/en\/wp-json\/wp\/v2\/pages"}],"about":[{"href":"https:\/\/limantecon.com\/en\/wp-json\/wp\/v2\/types\/page"}],"author":[{"embeddable":true,"href":"https:\/\/limantecon.com\/en\/wp-json\/wp\/v2\/users\/2"}],"replies":[{"embeddable":true,"href":"https:\/\/limantecon.com\/en\/wp-json\/wp\/v2\/comments?post=797"}],"version-history":[{"count":79,"href":"https:\/\/limantecon.com\/en\/wp-json\/wp\/v2\/pages\/797\/revisions"}],"predecessor-version":[{"id":2272,"href":"https:\/\/limantecon.com\/en\/wp-json\/wp\/v2\/pages\/797\/revisions\/2272"}],"wp:attachment":[{"href":"https:\/\/limantecon.com\/en\/wp-json\/wp\/v2\/media?parent=797"}],"curies":[{"name":"wp","href":"https:\/\/api.w.org\/{rel}","templated":true}]}}